{"id":10368,"date":"2023-06-07T11:56:39","date_gmt":"2023-06-07T09:56:39","guid":{"rendered":"https:\/\/ergosteel-pt.com\/mobilier-de-travail-collaboratif\/"},"modified":"2025-09-01T11:37:48","modified_gmt":"2025-09-01T09:37:48","slug":"mobilier-de-travail-collaboratif","status":"publish","type":"page","link":"https:\/\/ergosteel-pt.com\/fr\/mobilier-de-travail-collaboratif\/","title":{"rendered":"Mobilier de travail collaboratif"},"content":{"rendered":"<p>[et_pb_section fb_built=\u00a0\u00bb1&Prime; fullwidth=\u00a0\u00bbon\u00a0\u00bb admin_label=\u00a0\u00bbHero\u00a0\u00bb _builder_version=\u00a0\u00bb4.20.1&Prime; custom_margin=\u00a0\u00bb|0px|0px|0px|false|false\u00a0\u00bb custom_padding=\u00a0\u00bb|0px|0px|0px|false|false\u00a0\u00bb border_color_bottom=\u00a0\u00bb#11B3B9&Prime; locked=\u00a0\u00bboff\u00a0\u00bb global_colors_info=\u00a0\u00bb{}\u00a0\u00bb][et_pb_fullwidth_header title=\u00a0\u00bbMobilier de travail collaboratif\u00a0\u00bb text_orientation=\u00a0\u00bbcenter\u00a0\u00bb background_overlay_color=\u00a0\u00bbrgba(29,53,87,0.15)\u00a0\u00bb _builder_version=\u00a0\u00bb4.21.0&Prime; title_font=\u00a0\u00bb|300||on|||||\u00a0\u00bb title_text_align=\u00a0\u00bbcenter\u00a0\u00bb title_font_size=\u00a0\u00bb60px\u00a0\u00bb content_font=\u00a0\u00bb||||||||\u00a0\u00bb content_text_align=\u00a0\u00bbcenter\u00a0\u00bb content_font_size=\u00a0\u00bb25px\u00a0\u00bb content_line_height=\u00a0\u00bb1.5em\u00a0\u00bb subhead_text_align=\u00a0\u00bbcenter\u00a0\u00bb background_color=\u00a0\u00bbRGBA(255,255,255,0)\u00a0\u00bb use_background_color_gradient=\u00a0\u00bbon\u00a0\u00bb background_color_gradient_direction=\u00a0\u00bb200deg\u00a0\u00bb background_color_gradient_stops=\u00a0\u00bbrgba(17,179,185,0.25) 0%|rgba(70,75,81,0.4) 100%\u00a0\u00bb background_color_gradient_overlays_image=\u00a0\u00bbon\u00a0\u00bb background_color_gradient_start=\u00a0\u00bbrgba(17,179,185,0.25)\u00a0\u00bb background_color_gradient_end=\u00a0\u00bbrgba(70,75,81,0.4)\u00a0\u00bb background_image=\u00a0\u00bbhttps:\/\/ergosteel-pt.com\/wp-content\/uploads\/2021\/12\/mobilier-informatique-optims3.jpg\u00a0\u00bb width=\u00a0\u00bb100%\u00a0\u00bb max_width=\u00a0\u00bb100%\u00a0\u00bb module_alignment=\u00a0\u00bbcenter\u00a0\u00bb custom_margin=\u00a0\u00bb|0px||0px|false|false\u00a0\u00bb custom_padding=\u00a0\u00bb8vw|0px|8vw|0px|true|false\u00a0\u00bb title_font_size_tablet=\u00a0\u00bb\u00a0\u00bb title_font_size_phone=\u00a0\u00bb30px\u00a0\u00bb title_font_size_last_edited=\u00a0\u00bbon|desktop\u00a0\u00bb content_font_size_tablet=\u00a0\u00bb16px\u00a0\u00bb content_font_size_phone=\u00a0\u00bb16px\u00a0\u00bb content_font_size_last_edited=\u00a0\u00bbon|phone\u00a0\u00bb title_text_shadow_style=\u00a0\u00bbpreset3&Prime; title_text_shadow_color=\u00a0\u00bbrgba(0,0,0,0.8)\u00a0\u00bb content_text_shadow_style=\u00a0\u00bbpreset3&Prime; border_width_bottom=\u00a0\u00bb5px\u00a0\u00bb border_color_bottom=\u00a0\u00bb#11B3B9&Prime; global_colors_info=\u00a0\u00bb{}\u00a0\u00bb][\/et_pb_fullwidth_header][\/et_pb_section][et_pb_section fb_built=\u00a0\u00bb1&Prime; admin_label=\u00a0\u00bbsection\u00a0\u00bb _builder_version=\u00a0\u00bb4.16&Prime; background_color=\u00a0\u00bbrgba(198,198,197,0.42)\u00a0\u00bb custom_padding=\u00a0\u00bb50px||50px|||\u00a0\u00bb locked=\u00a0\u00bboff\u00a0\u00bb global_colors_info=\u00a0\u00bb{}\u00a0\u00bb][et_pb_row use_custom_gutter=\u00a0\u00bbon\u00a0\u00bb gutter_width=\u00a0\u00bb4&Prime; _builder_version=\u00a0\u00bb4.16&Prime; _module_preset=\u00a0\u00bbdefault\u00a0\u00bb custom_padding=\u00a0\u00bb10px||6px|||\u00a0\u00bb global_colors_info=\u00a0\u00bb{}\u00a0\u00bb][et_pb_column type=\u00a0\u00bb4_4&Prime; _builder_version=\u00a0\u00bb4.16&Prime; _module_preset=\u00a0\u00bbdefault\u00a0\u00bb global_colors_info=\u00a0\u00bb{}\u00a0\u00bb][et_pb_text _builder_version=\u00a0\u00bb4.16&Prime; _module_preset=\u00a0\u00bbdefault\u00a0\u00bb text_font=\u00a0\u00bb|300|||||||\u00a0\u00bb text_font_size=\u00a0\u00bb18px\u00a0\u00bb text_orientation=\u00a0\u00bbcenter\u00a0\u00bb global_colors_info=\u00a0\u00bb{}\u00a0\u00bb]<\/p>\n<p>Permettant de travailler en groupe et de mener \u00e0 bien les projets, la collaboration est essentielle dans les entreprises, que ce soit \u00e0 distance ou en pr\u00e9sentiel. Tal como as salas de reuni\u00f5es, os espa\u00e7os de colabora\u00e7\u00e3o tornaram-se locais essenciais nas empresas.<br \/>Para responder a estas necessidades, concebemos mobili\u00e1rio ergon\u00f3mico conectado, alguns dos quais s\u00e3o m\u00f3veis.<\/p>\n<p>[\/et_pb_text][\/et_pb_column][\/et_pb_row][\/et_pb_section][et_pb_section fb_built=\u00a0\u00bb1&Prime; admin_label=\u00a0\u00bbsection\u00a0\u00bb _builder_version=\u00a0\u00bb4.16&Prime; custom_padding=\u00a0\u00bb40px|||||\u00a0\u00bb locked=\u00a0\u00bboff\u00a0\u00bb global_colors_info=\u00a0\u00bb{}\u00a0\u00bb][et_pb_row column_structure=\u00a0\u00bb1_2,1_2&Prime; use_custom_gutter=\u00a0\u00bbon\u00a0\u00bb gutter_width=\u00a0\u00bb4&Prime; _builder_version=\u00a0\u00bb4.21.0&Prime; _module_preset=\u00a0\u00bbdefault\u00a0\u00bb custom_margin=\u00a0\u00bb30px||30px||false|false\u00a0\u00bb global_colors_info=\u00a0\u00bb{}\u00a0\u00bb][et_pb_column type=\u00a0\u00bb1_2&Prime; _builder_version=\u00a0\u00bb4.16&Prime; _module_preset=\u00a0\u00bbdefault\u00a0\u00bb global_colors_info=\u00a0\u00bb{}\u00a0\u00bb][et_pb_text _builder_version=\u00a0\u00bb4.16&Prime; _module_preset=\u00a0\u00bbdefault\u00a0\u00bb text_font=\u00a0\u00bb|300|||||||\u00a0\u00bb text_font_size=\u00a0\u00bb35px\u00a0\u00bb text_line_height=\u00a0\u00bb1.6em\u00a0\u00bb header_font=\u00a0\u00bb||||||||\u00a0\u00bb header_2_font=\u00a0\u00bb||||||||\u00a0\u00bb header_2_text_color=\u00a0\u00bb#11B3B9&Prime; header_2_font_size=\u00a0\u00bb20px\u00a0\u00bb header_2_line_height=\u00a0\u00bb1.6em\u00a0\u00bb custom_margin=\u00a0\u00bb30px||8px|||\u00a0\u00bb global_colors_info=\u00a0\u00bb{}\u00a0\u00bb]<\/p>\n<p>MEDIA<\/p>\n<h2><strong>Tables de travail collaboratif et de visioconf\u00e9rence ajustables en hauteur<\/strong><\/h2>\n<p>[\/et_pb_text][et_pb_divider color=\u00a0\u00bb#11B3B9&Prime; divider_weight=\u00a0\u00bb2px\u00a0\u00bb _builder_version=\u00a0\u00bb4.16&Prime; _module_preset=\u00a0\u00bbdefault\u00a0\u00bb background_color=\u00a0\u00bbRGBA(255,255,255,0)\u00a0\u00bb width=\u00a0\u00bb100px\u00a0\u00bb width_tablet=\u00a0\u00bb100px\u00a0\u00bb width_phone=\u00a0\u00bb75px\u00a0\u00bb width_last_edited=\u00a0\u00bbon|phone\u00a0\u00bb custom_margin=\u00a0\u00bb||0px||false|false\u00a0\u00bb custom_padding=\u00a0\u00bb||0px||false|false\u00a0\u00bb locked=\u00a0\u00bboff\u00a0\u00bb global_colors_info=\u00a0\u00bb{}\u00a0\u00bb][\/et_pb_divider][et_pb_text _builder_version=\u00a0\u00bb4.16&Prime; _module_preset=\u00a0\u00bbdefault\u00a0\u00bb text_font=\u00a0\u00bb|300|||||||\u00a0\u00bb text_line_height=\u00a0\u00bb1.6em\u00a0\u00bb custom_margin=\u00a0\u00bb||30px|||\u00a0\u00bb global_colors_info=\u00a0\u00bb{}\u00a0\u00bb]<\/p>\n<p>La gamme MEDIA se compose de tables de visioconf\u00e9rence et de travail collaboratif, \u00e9quip\u00e9es d&rsquo;un syst\u00e8me de r\u00e9glage en hauteur du plateau. Con\u00e7ues sp\u00e9cifiquement pour r\u00e9pondre aux besoins des espaces de r\u00e9union et de travail en groupe, ces tables peuvent accueillir jusqu&rsquo;\u00e0 9 personnes et sont parfaites pour les visioconf\u00e9rences, les s\u00e9ances de travail et les r\u00e9unions rapides.<br \/>Ces tables connect\u00e9es offrent une contribution directe \u00e0 la productivit\u00e9 et \u00e0 la sant\u00e9 des utilisateurs tout en optimisant les espaces et les \u00e9changes.<\/p>\n<p>[\/et_pb_text][et_pb_button button_url=\u00a0\u00bbhttps:\/\/ergosteel-pt.com\/fr\/mobilier-informatique\/mobilier-de-reunion\/media\/\u00a0\u00bb button_text=\u00a0\u00bbD\u00e9couvrir\u00a0\u00bb _builder_version=\u00a0\u00bb4.20.2&Prime; _module_preset=\u00a0\u00bbdefault\u00a0\u00bb global_colors_info=\u00a0\u00bb{}\u00a0\u00bb][\/et_pb_button][\/et_pb_column][et_pb_column type=\u00a0\u00bb1_2&Prime; _builder_version=\u00a0\u00bb4.16&Prime; _module_preset=\u00a0\u00bbdefault\u00a0\u00bb global_colors_info=\u00a0\u00bb{}\u00a0\u00bb][et_pb_image src=\u00a0\u00bbhttps:\/\/ergosteel-pt.com\/wp-content\/uploads\/2023\/03\/mesa-colaborativa.webp\u00a0\u00bb alt=\u00a0\u00bbTables de travail collaboratif et de visioconf\u00e9rence ajustables en hauteur\u00a0\u00bb title_text=\u00a0\u00bbTables de travail collaboratif et de visioconf\u00e9rence ajustables en hauteur\u00a0\u00bb url=\u00a0\u00bbhttps:\/\/ergosteel-pt.com\/mobiliario-informatico\/mobiliario-informatico-movel\/optim-s2\/\u00a0\u00bb _builder_version=\u00a0\u00bb4.20.1&Prime; _module_preset=\u00a0\u00bbdefault\u00a0\u00bb custom_margin=\u00a0\u00bb2px|||||\u00a0\u00bb global_colors_info=\u00a0\u00bb{}\u00a0\u00bb][\/et_pb_image][\/et_pb_column][\/et_pb_row][et_pb_row column_structure=\u00a0\u00bb1_2,1_2&Prime; use_custom_gutter=\u00a0\u00bbon\u00a0\u00bb gutter_width=\u00a0\u00bb4&Prime; module_class=\u00a0\u00bbinverser-mobile\u00a0\u00bb _builder_version=\u00a0\u00bb4.21.0&Prime; _module_preset=\u00a0\u00bbdefault\u00a0\u00bb custom_margin=\u00a0\u00bb30px||30px||false|false\u00a0\u00bb global_colors_info=\u00a0\u00bb{}\u00a0\u00bb][et_pb_column type=\u00a0\u00bb1_2&Prime; _builder_version=\u00a0\u00bb4.16&Prime; _module_preset=\u00a0\u00bbdefault\u00a0\u00bb global_colors_info=\u00a0\u00bb{}\u00a0\u00bb][et_pb_image src=\u00a0\u00bbhttps:\/\/ergosteel-pt.com\/wp-content\/uploads\/2021\/12\/optim-s3.jpg\u00a0\u00bb title_text=\u00a0\u00bboptim-s3&Prime; url=\u00a0\u00bbhttps:\/\/ergosteel-pt.com\/fr\/mobilier-informatique\/mobilier-informatique-mobile\/optim-s3\/\u00a0\u00bb _builder_version=\u00a0\u00bb4.16&Prime; _module_preset=\u00a0\u00bbdefault\u00a0\u00bb global_colors_info=\u00a0\u00bb{}\u00a0\u00bb][\/et_pb_image][\/et_pb_column][et_pb_column type=\u00a0\u00bb1_2&Prime; _builder_version=\u00a0\u00bb4.16&Prime; _module_preset=\u00a0\u00bbdefault\u00a0\u00bb global_colors_info=\u00a0\u00bb{}\u00a0\u00bb][et_pb_text _builder_version=\u00a0\u00bb4.16&Prime; _module_preset=\u00a0\u00bbdefault\u00a0\u00bb text_font=\u00a0\u00bb|300|||||||\u00a0\u00bb text_font_size=\u00a0\u00bb35px\u00a0\u00bb text_line_height=\u00a0\u00bb1.6em\u00a0\u00bb header_2_font=\u00a0\u00bb||||||||\u00a0\u00bb header_2_text_color=\u00a0\u00bb#11B3B9&Prime; header_2_font_size=\u00a0\u00bb20px\u00a0\u00bb header_2_line_height=\u00a0\u00bb1.6em\u00a0\u00bb custom_margin=\u00a0\u00bb30px||8px||false|false\u00a0\u00bb global_colors_info=\u00a0\u00bb{}\u00a0\u00bb]<\/p>\n<p>OPTIM S3<\/p>\n<h2>Postes de travail mobiles<\/h2>\n<p>[\/et_pb_text][et_pb_divider color=\u00a0\u00bb#11B3B9&Prime; divider_weight=\u00a0\u00bb2px\u00a0\u00bb _builder_version=\u00a0\u00bb4.16&Prime; _module_preset=\u00a0\u00bbdefault\u00a0\u00bb background_color=\u00a0\u00bbRGBA(255,255,255,0)\u00a0\u00bb width=\u00a0\u00bb100px\u00a0\u00bb width_tablet=\u00a0\u00bb100px\u00a0\u00bb width_phone=\u00a0\u00bb75px\u00a0\u00bb width_last_edited=\u00a0\u00bbon|phone\u00a0\u00bb custom_margin=\u00a0\u00bb||0px||false|false\u00a0\u00bb custom_padding=\u00a0\u00bb||0px||false|false\u00a0\u00bb locked=\u00a0\u00bboff\u00a0\u00bb global_colors_info=\u00a0\u00bb{}\u00a0\u00bb][\/et_pb_divider][et_pb_text _builder_version=\u00a0\u00bb4.16&Prime; _module_preset=\u00a0\u00bbdefault\u00a0\u00bb text_font=\u00a0\u00bb|300|||||||\u00a0\u00bb text_line_height=\u00a0\u00bb1.6em\u00a0\u00bb custom_margin=\u00a0\u00bb||30px|||\u00a0\u00bb global_colors_info=\u00a0\u00bb{}\u00a0\u00bb]<\/p>\n<p>Particuli\u00e8rement adapt\u00e9 au travail sur ordinateur portable et aux espaces collaboratifs ou de r\u00e9union, OPTIM S3 se compose de postes de travail \u00e9quip\u00e9s de solutions connectiques encastr\u00e9es. En plus de leurs connectiques int\u00e9gr\u00e9es, ces postes sont \u00e9quip\u00e9s d\u2019espaces de rangement s\u00e9curis\u00e9s pour les pc portables. D\u00e9clin\u00e9s en version simple ou bench, les OPTIM S3 sont compacts, mobiles et connectables entre eux.<\/p>\n<p>[\/et_pb_text][et_pb_button button_url=\u00a0\u00bbhttps:\/\/ergosteel-pt.com\/fr\/mobilier-informatique\/mobilier-informatique-mobile\/optim-s3\/\u00a0\u00bb button_text=\u00a0\u00bbD\u00e9couvrir\u00a0\u00bb _builder_version=\u00a0\u00bb4.16&Prime; _module_preset=\u00a0\u00bbdefault\u00a0\u00bb global_colors_info=\u00a0\u00bb{}\u00a0\u00bb][\/et_pb_button][\/et_pb_column][\/et_pb_row][et_pb_row column_structure=\u00a0\u00bb1_2,1_2&Prime; use_custom_gutter=\u00a0\u00bbon\u00a0\u00bb gutter_width=\u00a0\u00bb4&Prime; _builder_version=\u00a0\u00bb4.21.0&Prime; _module_preset=\u00a0\u00bbdefault\u00a0\u00bb custom_margin=\u00a0\u00bb30px||30px||false|false\u00a0\u00bb locked=\u00a0\u00bboff\u00a0\u00bb global_colors_info=\u00a0\u00bb{}\u00a0\u00bb][et_pb_column type=\u00a0\u00bb1_2&Prime; _builder_version=\u00a0\u00bb4.16&Prime; _module_preset=\u00a0\u00bbdefault\u00a0\u00bb global_colors_info=\u00a0\u00bb{}\u00a0\u00bb][et_pb_text _builder_version=\u00a0\u00bb4.16&Prime; _module_preset=\u00a0\u00bbdefault\u00a0\u00bb text_font=\u00a0\u00bb|300|||||||\u00a0\u00bb text_font_size=\u00a0\u00bb35px\u00a0\u00bb text_line_height=\u00a0\u00bb1.6em\u00a0\u00bb header_font=\u00a0\u00bb||||||||\u00a0\u00bb header_2_font=\u00a0\u00bb||||||||\u00a0\u00bb header_2_text_color=\u00a0\u00bb#11B3B9&Prime; header_2_font_size=\u00a0\u00bb20px\u00a0\u00bb header_2_line_height=\u00a0\u00bb1.6em\u00a0\u00bb custom_margin=\u00a0\u00bb30px||8px|||\u00a0\u00bb global_colors_info=\u00a0\u00bb{}\u00a0\u00bb]<\/p>\n<p>OPTIM S2<\/p>\n<h2>Modules de r\u00e9union mobiles<\/h2>\n<p>[\/et_pb_text][et_pb_divider color=\u00a0\u00bb#11B3B9&Prime; divider_weight=\u00a0\u00bb2px\u00a0\u00bb _builder_version=\u00a0\u00bb4.16&Prime; _module_preset=\u00a0\u00bbdefault\u00a0\u00bb background_color=\u00a0\u00bbRGBA(255,255,255,0)\u00a0\u00bb width=\u00a0\u00bb100px\u00a0\u00bb width_tablet=\u00a0\u00bb100px\u00a0\u00bb width_phone=\u00a0\u00bb75px\u00a0\u00bb width_last_edited=\u00a0\u00bbon|phone\u00a0\u00bb custom_margin=\u00a0\u00bb||0px||false|false\u00a0\u00bb custom_padding=\u00a0\u00bb||0px||false|false\u00a0\u00bb locked=\u00a0\u00bboff\u00a0\u00bb global_colors_info=\u00a0\u00bb{}\u00a0\u00bb][\/et_pb_divider][et_pb_text _builder_version=\u00a0\u00bb4.16&Prime; _module_preset=\u00a0\u00bbdefault\u00a0\u00bb text_font=\u00a0\u00bb|300|||||||\u00a0\u00bb text_line_height=\u00a0\u00bb1.6em\u00a0\u00bb custom_margin=\u00a0\u00bb||30px|||\u00a0\u00bb global_colors_info=\u00a0\u00bb{}\u00a0\u00bb]<\/p>\n<p><span>D\u00e9di\u00e9e \u00e0 la r\u00e9union, aux conf\u00e9rences et \u00e0 la visioconf\u00e9rence, OPTIM S2 est une gamme de modules de r\u00e9union mobiles \u00e9quip\u00e9s d\u2019un \u00e9cran r\u00e9tractable. Mont\u00e9s sur roulettes et pouvant \u00eatre mis en s\u00e9rie, ils offrent la possibilit\u00e9 de les d\u00e9placer \u00e0 volont\u00e9 pour former l\u2019implantation la plus adapt\u00e9e \u00e0 l\u2019utilisation comme au nombre d\u2019utilisateurs. Ces postes sont d\u00e9clin\u00e9s en version individuelle ou en version bench pour plusieurs utilisateurs.<\/span><\/p>\n<p>[\/et_pb_text][et_pb_button button_url=\u00a0\u00bbhttps:\/\/ergosteel-pt.com\/mobiliario-informatico\/mobiliario-informatico-movel\/optim-s2\/\u00a0\u00bb button_text=\u00a0\u00bbD\u00e9couvrir\u00a0\u00bb _builder_version=\u00a0\u00bb4.16&Prime; _module_preset=\u00a0\u00bbdefault\u00a0\u00bb global_colors_info=\u00a0\u00bb{}\u00a0\u00bb][\/et_pb_button][\/et_pb_column][et_pb_column type=\u00a0\u00bb1_2&Prime; _builder_version=\u00a0\u00bb4.16&Prime; _module_preset=\u00a0\u00bbdefault\u00a0\u00bb global_colors_info=\u00a0\u00bb{}\u00a0\u00bb][et_pb_image src=\u00a0\u00bbhttps:\/\/ergosteel-pt.com\/wp-content\/uploads\/2021\/12\/module-reunion-mobile-optim-s2.jpg\u00a0\u00bb title_text=\u00a0\u00bbmodule-reunion-mobile-optim-s2&Prime; url=\u00a0\u00bbhttps:\/\/ergosteel-pt.com\/mobiliario-informatico\/mobiliario-informatico-movel\/optim-s2\/\u00a0\u00bb _builder_version=\u00a0\u00bb4.16&Prime; _module_preset=\u00a0\u00bbdefault\u00a0\u00bb custom_margin=\u00a0\u00bb2px|||||\u00a0\u00bb global_colors_info=\u00a0\u00bb{}\u00a0\u00bb][\/et_pb_image][\/et_pb_column][\/et_pb_row][\/et_pb_section]<\/p>\n","protected":false},"excerpt":{"rendered":"<p>Permettant de travailler en groupe et de mener \u00e0 bien les projets, la collaboration est essentielle dans les entreprises, que ce soit \u00e0 distance ou en pr\u00e9sentiel. Tal como as salas de reuni\u00f5es, os espa\u00e7os de colabora\u00e7\u00e3o tornaram-se locais essenciais nas empresas.Para responder a estas necessidades, concebemos mobili\u00e1rio ergon\u00f3mico conectado, alguns dos quais s\u00e3o m\u00f3veis.MEDIA [&hellip;]<\/p>\n","protected":false},"author":2,"featured_media":7730,"parent":0,"menu_order":0,"comment_status":"closed","ping_status":"closed","template":"","meta":{"_et_pb_use_builder":"on","_et_pb_old_content":"","_et_gb_content_width":"","footnotes":""},"class_list":["post-10368","page","type-page","status-publish","has-post-thumbnail","hentry"],"yoast_head":"<!-- This site is optimized with the Yoast SEO plugin v27.4 - https:\/\/yoast.com\/product\/yoast-seo-wordpress\/ -->\n<title>Mobilier de travail collaboratif - ERGOSTEEL<\/title>\n<meta name=\"description\" content=\"Solutions de mobilier de travail collaboratif compos\u00e9 de tables de r\u00e9union ajustables en hauteur et tables multim\u00e9dia pliables et mobiles\" \/>\n<meta name=\"robots\" content=\"index, follow, max-snippet:-1, max-image-preview:large, max-video-preview:-1\" \/>\n<link rel=\"canonical\" href=\"https:\/\/www.egicsolutions.com\/mobilier-de-reunion\/\" \/>\n<meta property=\"og:locale\" content=\"fr_FR\" \/>\n<meta property=\"og:type\" content=\"article\" \/>\n<meta property=\"og:title\" content=\"Mobilier de travail collaboratif - ERGOSTEEL\" \/>\n<meta property=\"og:description\" content=\"Solutions de mobilier de travail collaboratif compos\u00e9 de tables de r\u00e9union ajustables en hauteur et tables multim\u00e9dia pliables et mobiles\" \/>\n<meta property=\"og:url\" content=\"https:\/\/www.egicsolutions.com\/mobilier-de-reunion\/\" \/>\n<meta property=\"og:site_name\" content=\"ERGOSTEEL\" \/>\n<meta property=\"article:modified_time\" content=\"2025-09-01T09:37:48+00:00\" \/>\n<meta property=\"og:image\" content=\"https:\/\/ergosteel-pt.com\/wp-content\/uploads\/2021\/12\/collaboration.jpg\" \/>\n\t<meta property=\"og:image:width\" content=\"800\" \/>\n\t<meta property=\"og:image:height\" content=\"640\" \/>\n\t<meta property=\"og:image:type\" content=\"image\/jpeg\" \/>\n<meta name=\"twitter:card\" content=\"summary_large_image\" \/>\n<meta name=\"twitter:label1\" content=\"Dur\u00e9e de lecture estim\u00e9e\" \/>\n\t<meta name=\"twitter:data1\" content=\"3 minutes\" \/>\n<script type=\"application\/ld+json\" class=\"yoast-schema-graph\">{\"@context\":\"https:\\\/\\\/schema.org\",\"@graph\":[{\"@type\":\"WebPage\",\"@id\":\"https:\\\/\\\/ergosteel-pt.com\\\/fr\\\/mobilier-de-travail-collaboratif\\\/\",\"url\":\"https:\\\/\\\/www.egicsolutions.com\\\/mobilier-de-reunion\\\/\",\"name\":\"Mobilier de travail collaboratif - ERGOSTEEL\",\"isPartOf\":{\"@id\":\"https:\\\/\\\/ergosteel-pt.com\\\/fr\\\/#website\"},\"primaryImageOfPage\":{\"@id\":\"https:\\\/\\\/www.egicsolutions.com\\\/mobilier-de-reunion\\\/#primaryimage\"},\"image\":{\"@id\":\"https:\\\/\\\/www.egicsolutions.com\\\/mobilier-de-reunion\\\/#primaryimage\"},\"thumbnailUrl\":\"https:\\\/\\\/ergosteel-pt.com\\\/wp-content\\\/uploads\\\/2021\\\/12\\\/collaboration.jpg\",\"datePublished\":\"2023-06-07T09:56:39+00:00\",\"dateModified\":\"2025-09-01T09:37:48+00:00\",\"description\":\"Solutions de mobilier de travail collaboratif compos\u00e9 de tables de r\u00e9union ajustables en hauteur et tables multim\u00e9dia pliables et mobiles\",\"breadcrumb\":{\"@id\":\"https:\\\/\\\/www.egicsolutions.com\\\/mobilier-de-reunion\\\/#breadcrumb\"},\"inLanguage\":\"fr-FR\",\"potentialAction\":[{\"@type\":\"ReadAction\",\"target\":[\"https:\\\/\\\/www.egicsolutions.com\\\/mobilier-de-reunion\\\/\"]}]},{\"@type\":\"ImageObject\",\"inLanguage\":\"fr-FR\",\"@id\":\"https:\\\/\\\/www.egicsolutions.com\\\/mobilier-de-reunion\\\/#primaryimage\",\"url\":\"https:\\\/\\\/ergosteel-pt.com\\\/wp-content\\\/uploads\\\/2021\\\/12\\\/collaboration.jpg\",\"contentUrl\":\"https:\\\/\\\/ergosteel-pt.com\\\/wp-content\\\/uploads\\\/2021\\\/12\\\/collaboration.jpg\",\"width\":800,\"height\":640},{\"@type\":\"BreadcrumbList\",\"@id\":\"https:\\\/\\\/www.egicsolutions.com\\\/mobilier-de-reunion\\\/#breadcrumb\",\"itemListElement\":[{\"@type\":\"ListItem\",\"position\":1,\"name\":\"Accueil\",\"item\":\"https:\\\/\\\/ergosteel-pt.com\\\/fr\\\/\"},{\"@type\":\"ListItem\",\"position\":2,\"name\":\"Mobilier de travail collaboratif\"}]},{\"@type\":\"WebSite\",\"@id\":\"https:\\\/\\\/ergosteel-pt.com\\\/fr\\\/#website\",\"url\":\"https:\\\/\\\/ergosteel-pt.com\\\/fr\\\/\",\"name\":\"ERGOSTEEL\",\"description\":\"Computer Furniture\",\"publisher\":{\"@id\":\"https:\\\/\\\/ergosteel-pt.com\\\/fr\\\/#organization\"},\"potentialAction\":[{\"@type\":\"SearchAction\",\"target\":{\"@type\":\"EntryPoint\",\"urlTemplate\":\"https:\\\/\\\/ergosteel-pt.com\\\/fr\\\/?s={search_term_string}\"},\"query-input\":{\"@type\":\"PropertyValueSpecification\",\"valueRequired\":true,\"valueName\":\"search_term_string\"}}],\"inLanguage\":\"fr-FR\"},{\"@type\":\"Organization\",\"@id\":\"https:\\\/\\\/ergosteel-pt.com\\\/fr\\\/#organization\",\"name\":\"ERGOSTEEL\",\"url\":\"https:\\\/\\\/ergosteel-pt.com\\\/fr\\\/\",\"logo\":{\"@type\":\"ImageObject\",\"inLanguage\":\"fr-FR\",\"@id\":\"https:\\\/\\\/ergosteel-pt.com\\\/fr\\\/#\\\/schema\\\/logo\\\/image\\\/\",\"url\":\"https:\\\/\\\/ergosteel-pt.com\\\/wp-content\\\/uploads\\\/2021\\\/12\\\/logo-ergosteel-1024-bleu.png\",\"contentUrl\":\"https:\\\/\\\/ergosteel-pt.com\\\/wp-content\\\/uploads\\\/2021\\\/12\\\/logo-ergosteel-1024-bleu.png\",\"width\":1024,\"height\":304,\"caption\":\"ERGOSTEEL\"},\"image\":{\"@id\":\"https:\\\/\\\/ergosteel-pt.com\\\/fr\\\/#\\\/schema\\\/logo\\\/image\\\/\"},\"sameAs\":[\"https:\\\/\\\/www.linkedin.com\\\/company\\\/ergosteel\\\/\"]}]}<\/script>\n<!-- \/ Yoast SEO plugin. -->","yoast_head_json":{"title":"Mobilier de travail collaboratif - ERGOSTEEL","description":"Solutions de mobilier de travail collaboratif compos\u00e9 de tables de r\u00e9union ajustables en hauteur et tables multim\u00e9dia pliables et mobiles","robots":{"index":"index","follow":"follow","max-snippet":"max-snippet:-1","max-image-preview":"max-image-preview:large","max-video-preview":"max-video-preview:-1"},"canonical":"https:\/\/www.egicsolutions.com\/mobilier-de-reunion\/","og_locale":"fr_FR","og_type":"article","og_title":"Mobilier de travail collaboratif - ERGOSTEEL","og_description":"Solutions de mobilier de travail collaboratif compos\u00e9 de tables de r\u00e9union ajustables en hauteur et tables multim\u00e9dia pliables et mobiles","og_url":"https:\/\/www.egicsolutions.com\/mobilier-de-reunion\/","og_site_name":"ERGOSTEEL","article_modified_time":"2025-09-01T09:37:48+00:00","og_image":[{"width":800,"height":640,"url":"https:\/\/ergosteel-pt.com\/wp-content\/uploads\/2021\/12\/collaboration.jpg","type":"image\/jpeg"}],"twitter_card":"summary_large_image","twitter_misc":{"Dur\u00e9e de lecture estim\u00e9e":"3 minutes"},"schema":{"@context":"https:\/\/schema.org","@graph":[{"@type":"WebPage","@id":"https:\/\/ergosteel-pt.com\/fr\/mobilier-de-travail-collaboratif\/","url":"https:\/\/www.egicsolutions.com\/mobilier-de-reunion\/","name":"Mobilier de travail collaboratif - ERGOSTEEL","isPartOf":{"@id":"https:\/\/ergosteel-pt.com\/fr\/#website"},"primaryImageOfPage":{"@id":"https:\/\/www.egicsolutions.com\/mobilier-de-reunion\/#primaryimage"},"image":{"@id":"https:\/\/www.egicsolutions.com\/mobilier-de-reunion\/#primaryimage"},"thumbnailUrl":"https:\/\/ergosteel-pt.com\/wp-content\/uploads\/2021\/12\/collaboration.jpg","datePublished":"2023-06-07T09:56:39+00:00","dateModified":"2025-09-01T09:37:48+00:00","description":"Solutions de mobilier de travail collaboratif compos\u00e9 de tables de r\u00e9union ajustables en hauteur et tables multim\u00e9dia pliables et mobiles","breadcrumb":{"@id":"https:\/\/www.egicsolutions.com\/mobilier-de-reunion\/#breadcrumb"},"inLanguage":"fr-FR","potentialAction":[{"@type":"ReadAction","target":["https:\/\/www.egicsolutions.com\/mobilier-de-reunion\/"]}]},{"@type":"ImageObject","inLanguage":"fr-FR","@id":"https:\/\/www.egicsolutions.com\/mobilier-de-reunion\/#primaryimage","url":"https:\/\/ergosteel-pt.com\/wp-content\/uploads\/2021\/12\/collaboration.jpg","contentUrl":"https:\/\/ergosteel-pt.com\/wp-content\/uploads\/2021\/12\/collaboration.jpg","width":800,"height":640},{"@type":"BreadcrumbList","@id":"https:\/\/www.egicsolutions.com\/mobilier-de-reunion\/#breadcrumb","itemListElement":[{"@type":"ListItem","position":1,"name":"Accueil","item":"https:\/\/ergosteel-pt.com\/fr\/"},{"@type":"ListItem","position":2,"name":"Mobilier de travail collaboratif"}]},{"@type":"WebSite","@id":"https:\/\/ergosteel-pt.com\/fr\/#website","url":"https:\/\/ergosteel-pt.com\/fr\/","name":"ERGOSTEEL","description":"Computer Furniture","publisher":{"@id":"https:\/\/ergosteel-pt.com\/fr\/#organization"},"potentialAction":[{"@type":"SearchAction","target":{"@type":"EntryPoint","urlTemplate":"https:\/\/ergosteel-pt.com\/fr\/?s={search_term_string}"},"query-input":{"@type":"PropertyValueSpecification","valueRequired":true,"valueName":"search_term_string"}}],"inLanguage":"fr-FR"},{"@type":"Organization","@id":"https:\/\/ergosteel-pt.com\/fr\/#organization","name":"ERGOSTEEL","url":"https:\/\/ergosteel-pt.com\/fr\/","logo":{"@type":"ImageObject","inLanguage":"fr-FR","@id":"https:\/\/ergosteel-pt.com\/fr\/#\/schema\/logo\/image\/","url":"https:\/\/ergosteel-pt.com\/wp-content\/uploads\/2021\/12\/logo-ergosteel-1024-bleu.png","contentUrl":"https:\/\/ergosteel-pt.com\/wp-content\/uploads\/2021\/12\/logo-ergosteel-1024-bleu.png","width":1024,"height":304,"caption":"ERGOSTEEL"},"image":{"@id":"https:\/\/ergosteel-pt.com\/fr\/#\/schema\/logo\/image\/"},"sameAs":["https:\/\/www.linkedin.com\/company\/ergosteel\/"]}]}},"_links":{"self":[{"href":"https:\/\/ergosteel-pt.com\/fr\/wp-json\/wp\/v2\/pages\/10368","targetHints":{"allow":["GET"]}}],"collection":[{"href":"https:\/\/ergosteel-pt.com\/fr\/wp-json\/wp\/v2\/pages"}],"about":[{"href":"https:\/\/ergosteel-pt.com\/fr\/wp-json\/wp\/v2\/types\/page"}],"author":[{"embeddable":true,"href":"https:\/\/ergosteel-pt.com\/fr\/wp-json\/wp\/v2\/users\/2"}],"replies":[{"embeddable":true,"href":"https:\/\/ergosteel-pt.com\/fr\/wp-json\/wp\/v2\/comments?post=10368"}],"version-history":[{"count":4,"href":"https:\/\/ergosteel-pt.com\/fr\/wp-json\/wp\/v2\/pages\/10368\/revisions"}],"predecessor-version":[{"id":10654,"href":"https:\/\/ergosteel-pt.com\/fr\/wp-json\/wp\/v2\/pages\/10368\/revisions\/10654"}],"wp:featuredmedia":[{"embeddable":true,"href":"https:\/\/ergosteel-pt.com\/fr\/wp-json\/wp\/v2\/media\/7730"}],"wp:attachment":[{"href":"https:\/\/ergosteel-pt.com\/fr\/wp-json\/wp\/v2\/media?parent=10368"}],"curies":[{"name":"wp","href":"https:\/\/api.w.org\/{rel}","templated":true}]}}